{"id":7806,"date":"2023-12-22T21:44:01","date_gmt":"2023-12-22T18:44:01","guid":{"rendered":"https:\/\/masterdesigner.com.tr\/yeni\/?post_type=product&#038;p=7806"},"modified":"2026-04-06T23:00:37","modified_gmt":"2026-04-06T20:00:37","slug":"yilbasi-kiyafetli-kedi-desenli-modern-yastik","status":"publish","type":"product","link":"https:\/\/masterdesigner.com.tr\/index.php\/product\/yilbasi-kiyafetli-kedi-desenli-modern-yastik\/","title":{"rendered":"Y\u0131lba\u015f\u0131 K\u0131yafetli Kedi Desenli Modern Yast\u0131k"},"content":{"rendered":"<p>Tek Tarafl\u0131\u00a0 Dekoratif Yast\u0131k, kuma\u015f se\u00e7imi ve diki\u015f detaylar\u0131yla \u015f\u0131k bir dekorasyon \u00f6\u011fesi olarak kullan\u0131m\u0131n\u0131za sunulmaktad\u0131r. Her bir desen Master Designer tasar\u0131mc\u0131lar\u0131 taraf\u0131ndan \u00f6zenle tasarlanm\u0131\u015f ve sat\u0131\u015fa sunulmu\u015ftur.\u00a0 Y\u0131kamaya ve kullan\u0131ma ba\u011fl\u0131 olarak solma yapmaz, y\u0131llar boyu ilk g\u00fcnk\u00fc \u00f6zelli\u011fini korur.<\/p>\n<p>Kolay temizlenebilme \u00f6zelli\u011fi ile salonunuzda, mutfa\u011f\u0131n\u0131zda, ve evinizde diledi\u011finiz k\u00f6\u015fede g\u00fcvenle kullanabilece\u011finiz \u015f\u0131k ve kaliteli \u00fcr\u00fcnlerdir. G\u00fcnl\u00fck kullan\u0131ma uygun oldu\u011fu gibi \u00f6zel davetlerinizde de zevkinizi ortaya koyacakt\u0131r.<\/p>\n<p>Master Designer tescilli markam\u0131zla \u00fcretilen yast\u0131klar\u0131m\u0131z, \u00dcretimde kullan\u0131lan iplik, boya ve ham maddeler; OEKO-TEX\u00ae Standard 100 sertifikas\u0131na sahiptir.<\/p>\n<p>(OEKO-TEX\u00ae Standard 100, tekstil \u00fcr\u00fcnlerinin t\u00fcm \u00fcretim a\u015famalar\u0131n\u0131 -ham madde, ara ve son \u00fcr\u00fcn- kapsayan ba\u011f\u0131ms\u0131z bir denetleme ve sertifikasyon sistemidir.)<br \/>\n\u00dcr\u00fcnlerimiz OEKO-TEX\u00ae Standard 100 sertifika standartlar\u0131na sahip oldu\u011fundan, insan ve hayvan sa\u011fl\u0131\u011f\u0131na hi\u00e7bir \u015fekilde zararl\u0131 kimyasal maddeler i\u00e7ermez. Kanserojen etkisi yoktur.<\/p>\n","protected":false},"excerpt":{"rendered":"<p>Tek Tarafl\u0131\u00a0 Dekoratif Yast\u0131k, kuma\u015f se\u00e7imi ve diki\u015f detaylar\u0131yla \u015f\u0131k bir dekorasyon \u00f6\u011fesi olarak kullan\u0131m\u0131n\u0131za sunulmaktad\u0131r. Her bir desen Master Designer tasar\u0131mc\u0131lar\u0131 taraf\u0131ndan \u00f6zenle tasarlanm\u0131\u015f ve sat\u0131\u015fa sunulmu\u015ftur.\u00a0 Y\u0131kamaya ve kullan\u0131ma ba\u011fl\u0131 olarak solma yapmaz, y\u0131llar boyu ilk g\u00fcnk\u00fc \u00f6zelli\u011fini korur. Kolay temizlenebilme \u00f6zelli\u011fi ile salonunuzda, mutfa\u011f\u0131n\u0131zda, ve evinizde diledi\u011finiz k\u00f6\u015fede g\u00fcvenle kullanabilece\u011finiz \u015f\u0131k ve &hellip; <br \/><a href=\"https:\/\/masterdesigner.com.tr\/index.php\/product\/yilbasi-kiyafetli-kedi-desenli-modern-yastik\/\" class=\"more-link\">Continue reading <span class=\"screen-reader-text\">Y\u0131lba\u015f\u0131 K\u0131yafetli Kedi Desenli Modern Yast\u0131k<\/span><\/a><\/p>\n","protected":false},"featured_media":7645,"template":"","meta":{"_monsterinsights_skip_tracking":false,"_monsterinsights_sitenote_active":false,"_monsterinsights_sitenote_note":"","_monsterinsights_sitenote_category":0},"product_cat":[157],"product_tag":[],"class_list":{"0":"post-7806","1":"product","2":"type-product","3":"status-publish","4":"has-post-thumbnail","6":"product_cat-yastik","8":"first","9":"outofstock","10":"shipping-taxable","11":"purchasable","12":"product-type-simple"},"aioseo_notices":[],"_links":{"self":[{"href":"https:\/\/masterdesigner.com.tr\/index.php\/wp-json\/wp\/v2\/product\/7806","targetHints":{"allow":["GET"]}}],"collection":[{"href":"https:\/\/masterdesigner.com.tr\/index.php\/wp-json\/wp\/v2\/product"}],"about":[{"href":"https:\/\/masterdesigner.com.tr\/index.php\/wp-json\/wp\/v2\/types\/product"}],"wp:featuredmedia":[{"embeddable":true,"href":"https:\/\/masterdesigner.com.tr\/index.php\/wp-json\/wp\/v2\/media\/7645"}],"wp:attachment":[{"href":"https:\/\/masterdesigner.com.tr\/index.php\/wp-json\/wp\/v2\/media?parent=7806"}],"wp:term":[{"taxonomy":"product_cat","embeddable":true,"href":"https:\/\/masterdesigner.com.tr\/index.php\/wp-json\/wp\/v2\/product_cat?post=7806"},{"taxonomy":"product_tag","embeddable":true,"href":"https:\/\/masterdesigner.com.tr\/index.php\/wp-json\/wp\/v2\/product_tag?post=7806"}],"curies":[{"name":"wp","href":"https:\/\/api.w.org\/{rel}","templated":true}]}}