{"id":7792,"date":"2023-12-22T21:43:55","date_gmt":"2023-12-22T18:43:55","guid":{"rendered":"https:\/\/masterdesigner.com.tr\/yeni\/?post_type=product&#038;p=7792"},"modified":"2026-04-06T22:47:05","modified_gmt":"2026-04-06T19:47:05","slug":"future-air-clean-yatak","status":"publish","type":"product","link":"https:\/\/masterdesigner.com.tr\/index.php\/product\/future-air-clean-yatak\/","title":{"rendered":"Future Air Clean Yatak"},"content":{"rendered":"<p><span style=\"vertical-align: inherit;\"><span style=\"vertical-align: inherit;\">Her bir noktas\u0131 kusursuz bir uyku i\u00e7in tasarland\u0131. A\u015fa\u011f\u0131daki sekmelere t\u0131klayarak Sloth Bedding\u2019in bir yatakta sundu\u011fu teknolojik yeniliklerle tan\u0131\u015f\u0131n. Her sabah enerjik uyanman\u0131n keyfini sonuna kadar \u00e7\u0131kar\u0131n.<\/span><\/span><\/p>\n<h3><span style=\"vertical-align: inherit;\"><span style=\"vertical-align: inherit;\">Yeni airclean teknolojisiyle yata\u011f\u0131n\u0131z temiz kals\u0131n.<\/span><\/span><\/h3>\n<p><span style=\"vertical-align: inherit;\"><span style=\"vertical-align: inherit;\">Sloth Bedding olarak d\u00fcnyada bir ilk olan teknolojiyi kullan\u0131yoruz. Sa\u011fl\u0131kl\u0131 ve rahat bir uykuyu her gece standart hale getiriyoruz: Air Clean Teknolojisi.<\/span><\/span><\/p>\n<h4 class=\"product-bed-description-heading\"><span style=\"vertical-align: inherit;\"><span style=\"vertical-align: inherit;\">CONFOR YEN\u0130DEN TANILANDI:<\/span><\/span><br \/>\n<span style=\"vertical-align: inherit;\"><span style=\"vertical-align: inherit;\">Gelecek HAVA TEM\u0130ZL\u0130\u011e\u0130 YATAK<\/span><\/span><\/h4>\n<div id=\"bedSpecsArea\" class=\"bed-specs-area\">\n<div class=\"bed-spec\">\n<div class=\"bed-spec-heading-wrapper\">\n<h4 class=\"bed-spec-heading\"><span style=\"vertical-align: inherit;\"><span style=\"vertical-align: inherit;\">Tencel ve Purotex<\/span><\/span><\/h4>\n<\/div>\n<p><span style=\"vertical-align: inherit;\"><span style=\"vertical-align: inherit;\">Tencel Kumash teknolojisi, nemi, daha fazl\u0131 bir emerek konfor\u00f6z gece kuma\u015f\u0131n\u0131n yan\u0131nda serinasyon ve k\u0131vr\u0131m hissi verir. Purotex teknolojisi, Japonlardaki propiyotik\u00e7i say\u0131lar\u0131nda engeller ve yatak olan zargy organizasyonlar\u0131n\u0131 bozar. Ayna da antialerjiktir.<\/span><\/span><\/p>\n<p><strong><span style=\"vertical-align: inherit;\"><span style=\"vertical-align: inherit;\">Lateks<\/span><\/span><br \/>\n<\/strong><span style=\"vertical-align: inherit;\"><span style=\"vertical-align: inherit;\">Kau\u00e7uk a\u011fac\u0131n\u0131n s\u00fct\u00fcnden elde edilerek tamam\u0131yla do\u011fal materyallerle haz\u0131rlanan 5 cm kal\u0131nl\u0131\u011f\u0131nda do\u011fal lateks, rahat ve ferah bir uykuyu m\u00fckemmellikle sunar.<\/span><\/span><\/p>\n<\/div>\n<div class=\"bed-spec\">\n<div class=\"bed-spec-heading-wrapper\">\n<h4 class=\"bed-spec-heading\"><span style=\"vertical-align: inherit;\"><span style=\"vertical-align: inherit;\">Hiper K\u00f6p\u00fck<\/span><\/span><\/h4>\n<\/div>\n<p><span style=\"vertical-align: inherit;\"><span style=\"vertical-align: inherit;\">Hyper foam siz uyurken v\u00fccudunuzu destekleyerek, ekstra konfor ve yumu\u015fakl\u0131k sa\u011flar.<\/span><\/span><\/p>\n<\/div>\n<div class=\"bed-spec\">\n<div class=\"bed-spec-heading-wrapper\">\n<div class=\"bed-spec-number\">\n<div class=\"product-bed-spec-numbers-outer-border\">\n<div class=\"product-bed-spec-numbers\"><strong><span style=\"vertical-align: inherit;\"><span style=\"vertical-align: inherit;\">Kaymaz Kuma\u015f<\/span><\/span><br \/>\n<\/strong><span style=\"vertical-align: inherit;\"><span style=\"vertical-align: inherit;\">Tutunmay\u0131 sa\u011flar, kaymay\u0131 engeller. B\u00f6ylece yatak geceleri daha dengeli ve etkili pozisyonunda kal\u0131r.<\/span><\/span><\/div>\n<\/div>\n<\/div>\n<\/div>\n<\/div>\n<\/div>\n","protected":false},"excerpt":{"rendered":"<p>Her bir noktas\u0131 kusursuz bir uyku i\u00e7in tasarland\u0131. A\u015fa\u011f\u0131daki sekmelere t\u0131klayarak Sloth Bedding\u2019in bir yatakta sundu\u011fu teknolojik yeniliklerle tan\u0131\u015f\u0131n. Her sabah enerjik uyanman\u0131n keyfini sonuna kadar \u00e7\u0131kar\u0131n. Yeni airclean teknolojisiyle yata\u011f\u0131n\u0131z temiz kals\u0131n. Sloth Bedding olarak d\u00fcnyada bir ilk olan teknolojiyi kullan\u0131yoruz. Sa\u011fl\u0131kl\u0131 ve rahat bir uykuyu her gece standart hale getiriyoruz: Air Clean Teknolojisi. &hellip; <br \/><a href=\"https:\/\/masterdesigner.com.tr\/index.php\/product\/future-air-clean-yatak\/\" class=\"more-link\">Continue reading <span class=\"screen-reader-text\">Future Air Clean Yatak<\/span><\/a><\/p>\n","protected":false},"featured_media":7637,"template":"","meta":{"_monsterinsights_skip_tracking":false,"_monsterinsights_sitenote_active":false,"_monsterinsights_sitenote_note":"","_monsterinsights_sitenote_category":0},"product_cat":[138],"product_tag":[],"class_list":{"0":"post-7792","1":"product","2":"type-product","3":"status-publish","4":"has-post-thumbnail","6":"product_cat-yatak","8":"first","9":"outofstock","10":"shipping-taxable","11":"purchasable","12":"product-type-variable"},"aioseo_notices":[],"_links":{"self":[{"href":"https:\/\/masterdesigner.com.tr\/index.php\/wp-json\/wp\/v2\/product\/7792","targetHints":{"allow":["GET"]}}],"collection":[{"href":"https:\/\/masterdesigner.com.tr\/index.php\/wp-json\/wp\/v2\/product"}],"about":[{"href":"https:\/\/masterdesigner.com.tr\/index.php\/wp-json\/wp\/v2\/types\/product"}],"wp:featuredmedia":[{"embeddable":true,"href":"https:\/\/masterdesigner.com.tr\/index.php\/wp-json\/wp\/v2\/media\/7637"}],"wp:attachment":[{"href":"https:\/\/masterdesigner.com.tr\/index.php\/wp-json\/wp\/v2\/media?parent=7792"}],"wp:term":[{"taxonomy":"product_cat","embeddable":true,"href":"https:\/\/masterdesigner.com.tr\/index.php\/wp-json\/wp\/v2\/product_cat?post=7792"},{"taxonomy":"product_tag","embeddable":true,"href":"https:\/\/masterdesigner.com.tr\/index.php\/wp-json\/wp\/v2\/product_tag?post=7792"}],"curies":[{"name":"wp","href":"https:\/\/api.w.org\/{rel}","templated":true}]}}