{"id":7779,"date":"2023-12-22T21:43:37","date_gmt":"2023-12-22T18:43:37","guid":{"rendered":"https:\/\/masterdesigner.com.tr\/yeni\/?post_type=product&#038;p=7779"},"modified":"2026-04-06T22:47:49","modified_gmt":"2026-04-06T19:47:49","slug":"logic-air-clean-yatak","status":"publish","type":"product","link":"https:\/\/masterdesigner.com.tr\/index.php\/product\/logic-air-clean-yatak\/","title":{"rendered":"Logic Air Clean Yatak"},"content":{"rendered":"<p><span style=\"vertical-align: inherit;\"><span style=\"vertical-align: inherit;\">Her bir noktas\u0131 kusursuz bir uyku i\u00e7in tasarland\u0131. A\u015fa\u011f\u0131daki sekmelere t\u0131klayarak Sloth Bedding\u2019in bir yatakta sundu\u011fu teknolojik yeniliklerle tan\u0131\u015f\u0131n. Her sabah enerjik uyanman\u0131n keyfini sonuna kadar \u00e7\u0131kar\u0131n.<\/span><\/span><\/p>\n<h3><span style=\"vertical-align: inherit;\"><span style=\"vertical-align: inherit;\">Yeni airclean teknolojisiyle yata\u011f\u0131n\u0131z temiz kals\u0131n.<\/span><\/span><\/h3>\n<p><span style=\"vertical-align: inherit;\"><span style=\"vertical-align: inherit;\">Sloth Bedding olarak d\u00fcnyada bir ilk olan teknolojiyi kullan\u0131yoruz. Sa\u011fl\u0131kl\u0131 ve rahat bir uykuyu her gece standart hale getiriyoruz: Air Clean Teknolojisi.<\/span><\/span><\/p>\n<h4 class=\"product-bed-description-heading\"><span style=\"vertical-align: inherit;\"><span style=\"vertical-align: inherit;\">KONFOR YEN\u0130DEN TANIMLANDI:<\/span><\/span><br \/>\n<span style=\"vertical-align: inherit;\"><span style=\"vertical-align: inherit;\">Logic AIR CLEAN YATAK<\/span><\/span><\/h4>\n<div id=\"bedSpecsArea\" class=\"bed-specs-area\">\n<div class=\"bed-spec\">\n<div class=\"bed-spec-heading-wrapper\">\n<h4 class=\"bed-spec-heading\"><span style=\"vertical-align: inherit;\"><span style=\"vertical-align: inherit;\">Tencel ve Purotex<\/span><\/span><\/h4>\n<\/div>\n<p><span style=\"vertical-align: inherit;\"><span style=\"vertical-align: inherit;\">Tencel Kumash teknolojisi, nemi, daha fazl\u0131 bir emerek konfor\u00f6z gece kuma\u015f\u0131n\u0131n yan\u0131nda serinasyon ve k\u0131vr\u0131m hissi verir. Purotex teknolojisi, Japonlardaki propiyotik\u00e7i say\u0131lar\u0131nda engeller ve yatak olan zargy organizasyonlar\u0131n\u0131 bozar. Ayna da antialerjiktir.<\/span><\/span><\/p>\n<p><strong><span style=\"vertical-align: inherit;\"><span style=\"vertical-align: inherit;\">Do\u011fal Y\u00fcn Katman<\/span><\/span><\/strong><\/p>\n<p><span style=\"vertical-align: inherit;\"><span style=\"vertical-align: inherit;\">Oeko-Tex sertifikas\u0131, hostesin yerli y\u00fcn\u00fcn\u00fcn kedi adam mikro halini engellemez. Sar\u0131\u015f\u0131n porcak, bahar sirin yakalar bu say\u0131da bo\u011fuk serpin g\u00f6ky\u00fcz\u00fcn\u00fc g\u00f6r\u00fcn. Dolgu malzemesi, sa\u011f succular sunarl\u0131 sentietticten uzun yaty.<\/span><\/span><\/p>\n<\/div>\n<div class=\"bed-spec\">\n<div class=\"bed-spec-heading-wrapper\">\n<h4 class=\"bed-spec-heading\"><span style=\"vertical-align: inherit;\"><span style=\"vertical-align: inherit;\">Hiper K\u00f6p\u00fck<\/span><\/span><\/h4>\n<\/div>\n<p><span style=\"vertical-align: inherit;\"><span style=\"vertical-align: inherit;\">Hyper foam siz uyurken v\u00fccudunuzu destekleyerek, ekstra konfor ve yumu\u015fakl\u0131k sa\u011flar.<\/span><\/span><\/p>\n<\/div>\n<div class=\"bed-spec\">\n<div class=\"bed-spec-heading-wrapper\">\n<div class=\"bed-spec-number\">\n<div class=\"product-bed-spec-numbers-outer-border\">\n<div class=\"product-bed-spec-numbers\"><strong><span style=\"vertical-align: inherit;\"><span style=\"vertical-align: inherit;\">Nano Spring Yay Teknolojisi<\/span><\/span><\/strong><\/div>\n<\/div>\n<\/div>\n<\/div>\n<p><span style=\"vertical-align: inherit;\"><span style=\"vertical-align: inherit;\">D\u00fcnyan\u0131n en yeni yay teknolojisi Nano Spring, kusursuz dizilimi ve yay\u0131l\u0131m\u0131 sayesinde v\u00fccudun her b\u00f6lgesine gerekli deste\u011fi verir, di\u011fer malzemelerle \u00e7ok iyi uyum sa\u011flar. Normal yataklarda yatak en fazla %80 oran\u0131nda yaylan\u0131rken Nano Spring ile bu rakam %100\u2019e \u00e7\u0131kar. Nano Spring\u2019de 3 kat daha fazla yay vard\u0131r. Ayr\u0131ca bu teknoloji a\u011f\u0131rl\u0131\u011f\u0131n\u0131z\u0131 ba\u015ftan uca her noktaya e\u015fit olarak yayar. Bu \u015fekilde \u00e7iftler yatakta birbirlerinin hareketlerinden etkilenmez.<\/span><\/span><\/p>\n<\/div>\n<div class=\"bed-spec\">\n<div class=\"bed-spec-heading-wrapper\">\n<h4 class=\"bed-spec-heading\"><span style=\"vertical-align: inherit;\"><span style=\"vertical-align: inherit;\">A\u00e7\u0131k Hava Yolu S\u00fcnger<\/span><\/span><\/h4>\n<\/div>\n<p><span style=\"vertical-align: inherit;\"><span style=\"vertical-align: inherit;\">Open air road s\u00fcngerde 4 adet hava kanal\u0131 bulunur. Bu kanallar\u0131n i\u00e7ine a\u00e7\u0131l\u0131 delikli borular yerle\u015ftirilir. Daha sonra Air Cleaner makinesi yard\u0131m\u0131yla bu borulardan i\u00e7eri ozon gaz\u0131 verilir. Bu gaz t\u00fcm hava kanallar\u0131ndan ge\u00e7erek yata\u011f\u0131n her noktas\u0131na kolayca ula\u015f\u0131r ve her zaman temiz kalmas\u0131n\u0131 sa\u011flar.<\/span><\/span><\/p>\n<\/div>\n<div class=\"bed-spec\">\n<div class=\"bed-spec-heading-wrapper\">\n<h4 class=\"bed-spec-heading\"><span style=\"vertical-align: inherit;\"><span style=\"vertical-align: inherit;\">Do\u011fal Pamuk<\/span><\/span><\/h4>\n<\/div>\n<p><span style=\"vertical-align: inherit;\"><span style=\"vertical-align: inherit;\">Do\u011fal pamuk katman yata\u011fa ekstra konfor ve rahatl\u0131k sunar, v\u00fccut k\u0131vr\u0131mlar\u0131n\u0131 iyice kavrar, bakteri ve alerjik etkenlerden uzak tutar.<\/span><\/span><\/p>\n<\/div>\n<\/div>\n","protected":false},"excerpt":{"rendered":"<p>Her bir noktas\u0131 kusursuz bir uyku i\u00e7in tasarland\u0131. A\u015fa\u011f\u0131daki sekmelere t\u0131klayarak Sloth Bedding\u2019in bir yatakta sundu\u011fu teknolojik yeniliklerle tan\u0131\u015f\u0131n. Her sabah enerjik uyanman\u0131n keyfini sonuna kadar \u00e7\u0131kar\u0131n. Yeni airclean teknolojisiyle yata\u011f\u0131n\u0131z temiz kals\u0131n. Sloth Bedding olarak d\u00fcnyada bir ilk olan teknolojiyi kullan\u0131yoruz. Sa\u011fl\u0131kl\u0131 ve rahat bir uykuyu her gece standart hale getiriyoruz: Air Clean Teknolojisi. &hellip; <br \/><a href=\"https:\/\/masterdesigner.com.tr\/index.php\/product\/logic-air-clean-yatak\/\" class=\"more-link\">Continue reading <span class=\"screen-reader-text\">Logic Air Clean Yatak<\/span><\/a><\/p>\n","protected":false},"featured_media":7633,"template":"","meta":{"_monsterinsights_skip_tracking":false,"_monsterinsights_sitenote_active":false,"_monsterinsights_sitenote_note":"","_monsterinsights_sitenote_category":0},"product_cat":[138],"product_tag":[],"class_list":{"0":"post-7779","1":"product","2":"type-product","3":"status-publish","4":"has-post-thumbnail","6":"product_cat-yatak","8":"first","9":"outofstock","10":"shipping-taxable","11":"purchasable","12":"product-type-variable"},"aioseo_notices":[],"_links":{"self":[{"href":"https:\/\/masterdesigner.com.tr\/index.php\/wp-json\/wp\/v2\/product\/7779","targetHints":{"allow":["GET"]}}],"collection":[{"href":"https:\/\/masterdesigner.com.tr\/index.php\/wp-json\/wp\/v2\/product"}],"about":[{"href":"https:\/\/masterdesigner.com.tr\/index.php\/wp-json\/wp\/v2\/types\/product"}],"wp:featuredmedia":[{"embeddable":true,"href":"https:\/\/masterdesigner.com.tr\/index.php\/wp-json\/wp\/v2\/media\/7633"}],"wp:attachment":[{"href":"https:\/\/masterdesigner.com.tr\/index.php\/wp-json\/wp\/v2\/media?parent=7779"}],"wp:term":[{"taxonomy":"product_cat","embeddable":true,"href":"https:\/\/masterdesigner.com.tr\/index.php\/wp-json\/wp\/v2\/product_cat?post=7779"},{"taxonomy":"product_tag","embeddable":true,"href":"https:\/\/masterdesigner.com.tr\/index.php\/wp-json\/wp\/v2\/product_tag?post=7779"}],"curies":[{"name":"wp","href":"https:\/\/api.w.org\/{rel}","templated":true}]}}