{"id":7766,"date":"2023-12-22T21:43:31","date_gmt":"2023-12-22T18:43:31","guid":{"rendered":"https:\/\/masterdesigner.com.tr\/yeni\/?post_type=product&#038;p=7766"},"modified":"2026-04-06T22:48:21","modified_gmt":"2026-04-06T19:48:21","slug":"code-air-clean-yatak","status":"publish","type":"product","link":"https:\/\/masterdesigner.com.tr\/index.php\/product\/code-air-clean-yatak\/","title":{"rendered":"Code Air Clean Yatak"},"content":{"rendered":"<p>Her bir noktas\u0131 kusursuz bir uyku i\u00e7in tasarland\u0131. A\u015fa\u011f\u0131daki sekmelere t\u0131klayarak Sloth Bedding\u2019in bir yatakta sundu\u011fu teknolojik yeniliklerle tan\u0131\u015f\u0131n. Her sabah enerjik uyanman\u0131n keyfini sonuna kadar \u00e7\u0131kar\u0131n.<\/p>\n<h3>Yeni airclean teknolojisiyle yata\u011f\u0131n\u0131z temiz kals\u0131n.<\/h3>\n<p>Sloth Bedding olarak d\u00fcnyada bir ilk olan teknolojiyi kullan\u0131yoruz. Sa\u011fl\u0131kl\u0131 ve rahat bir uykuyu her gece standart hale getiriyoruz: Air Clean Teknolojisi.<\/p>\n<h4 class=\"product-bed-description-heading\">KONFOR YEN\u0130DEN TANIMLANDI:<br \/>\nCONNECT AIR CLEAN YATAK<\/h4>\n<div id=\"bedSpecsArea\" class=\"bed-specs-area\">\n<div class=\"bed-spec\">\n<div class=\"bed-spec-heading-wrapper\">\n<h4 class=\"bed-spec-heading\">Tencel ve Purotex<\/h4>\n<\/div>\n<p>Tencel kuma\u015f teknolojisi, nemi daha fazla emerek konforlu bir gece uykusunun yan\u0131nda serinlik ve kuruluk hissi verir. Purotex teknolojisi de yap\u0131s\u0131ndaki probiyotikler sayesinde zararl\u0131 organizmalar\u0131 engeller ve yata\u011f\u0131 korur. Ayn\u0131 zamanda antialerjiktir.<\/p>\n<p><strong>Visco<\/strong><\/p>\n<p>Visco omurgay\u0131 ve beli m\u00fckemmel bir \u015fekilde destekleyerek ortopedik olarak v\u00fccudun \u015feklini ve sa\u011fl\u0131\u011f\u0131n\u0131 korur. Visco ile uyuyan ki\u015fi daha az d\u00f6nme ihtiyac\u0131 hissetti\u011fi i\u00e7in kesintisiz bir uyku deneyimi ya\u015far. A\u00e7\u0131k h\u00fccreli yap\u0131s\u0131 sayesinde bakteri, k\u00fcf ve kokular\u0131 engeller.<\/p>\n<\/div>\n<div class=\"bed-spec\">\n<div class=\"bed-spec-heading-wrapper\">\n<h4 class=\"bed-spec-heading\">Hyper Foam<\/h4>\n<\/div>\n<p>Hyper foam siz uyurken v\u00fccudunuzu destekleyerek, ekstra konfor ve yumu\u015fakl\u0131k sa\u011flar.<\/p>\n<\/div>\n<div class=\"bed-spec\">\n<div class=\"bed-spec-heading-wrapper\">\n<div class=\"bed-spec-number\">\n<div class=\"product-bed-spec-numbers-outer-border\">\n<div class=\"product-bed-spec-numbers\"><strong>Nano Spring Yay Teknolojisi<\/strong><\/div>\n<\/div>\n<\/div>\n<\/div>\n<p>D\u00fcnyan\u0131n en yeni yay teknolojisi Nano Spring, kusursuz dizilimi ve yay\u0131l\u0131m\u0131 sayesinde v\u00fccudun her b\u00f6lgesine gerekli deste\u011fi verir, di\u011fer malzemelerle \u00e7ok iyi uyum sa\u011flar. Normal yataklarda yatak en fazla %80 oran\u0131nda yaylan\u0131rken Nano Spring ile bu rakam %100\u2019e \u00e7\u0131kar. Nano Spring\u2019de 3 kat daha fazla yay vard\u0131r. Ayr\u0131ca bu teknoloji a\u011f\u0131rl\u0131\u011f\u0131n\u0131z\u0131 ba\u015ftan uca her noktaya e\u015fit olarak yayar. Bu \u015fekilde \u00e7iftler yatakta birbirlerinin hareketlerinden etkilenmez.<\/p>\n<\/div>\n<div class=\"bed-spec\">\n<div class=\"bed-spec-heading-wrapper\">\n<h4 class=\"bed-spec-heading\">Open Air Road S\u00fcnger<\/h4>\n<\/div>\n<p>Open air road s\u00fcngerde 4 adet hava kanal\u0131 bulunur. Bu kanallar\u0131n i\u00e7ine a\u00e7\u0131l\u0131 delikli borular yerle\u015ftirilir. Daha sonra Air Cleaner makinesi yard\u0131m\u0131yla bu borulardan i\u00e7eri ozon gaz\u0131 verilir. Bu gaz t\u00fcm hava kanallar\u0131ndan ge\u00e7erek yata\u011f\u0131n her noktas\u0131na kolayca ula\u015f\u0131r ve her zaman temiz kalmas\u0131n\u0131 sa\u011flar.<\/p>\n<\/div>\n<div class=\"bed-spec\">\n<div class=\"bed-spec-heading-wrapper\">\n<h4 class=\"bed-spec-heading\">Kaymaz Kuma\u015f<\/h4>\n<\/div>\n<p>Tutunmay\u0131 sa\u011flar, kaymay\u0131 engeller. B\u00f6ylece yatak geceleri daha dengeli ve etkili pozisyonunda kal\u0131r.<\/p>\n<\/div>\n<\/div>\n","protected":false},"excerpt":{"rendered":"<p>Her bir noktas\u0131 kusursuz bir uyku i\u00e7in tasarland\u0131. A\u015fa\u011f\u0131daki sekmelere t\u0131klayarak Sloth Bedding\u2019in bir yatakta sundu\u011fu teknolojik yeniliklerle tan\u0131\u015f\u0131n. Her sabah enerjik uyanman\u0131n keyfini sonuna kadar \u00e7\u0131kar\u0131n. Yeni airclean teknolojisiyle yata\u011f\u0131n\u0131z temiz kals\u0131n. Sloth Bedding olarak d\u00fcnyada bir ilk olan teknolojiyi kullan\u0131yoruz. Sa\u011fl\u0131kl\u0131 ve rahat bir uykuyu her gece standart hale getiriyoruz: Air Clean Teknolojisi. &hellip; <br \/><a href=\"https:\/\/masterdesigner.com.tr\/index.php\/product\/code-air-clean-yatak\/\" class=\"more-link\">Continue reading <span class=\"screen-reader-text\">Code Air Clean Yatak<\/span><\/a><\/p>\n","protected":false},"featured_media":7599,"template":"","meta":{"_monsterinsights_skip_tracking":false,"_monsterinsights_sitenote_active":false,"_monsterinsights_sitenote_note":"","_monsterinsights_sitenote_category":0},"product_cat":[138],"product_tag":[],"class_list":{"0":"post-7766","1":"product","2":"type-product","3":"status-publish","4":"has-post-thumbnail","6":"product_cat-yatak","8":"first","9":"outofstock","10":"shipping-taxable","11":"purchasable","12":"product-type-variable"},"aioseo_notices":[],"_links":{"self":[{"href":"https:\/\/masterdesigner.com.tr\/index.php\/wp-json\/wp\/v2\/product\/7766","targetHints":{"allow":["GET"]}}],"collection":[{"href":"https:\/\/masterdesigner.com.tr\/index.php\/wp-json\/wp\/v2\/product"}],"about":[{"href":"https:\/\/masterdesigner.com.tr\/index.php\/wp-json\/wp\/v2\/types\/product"}],"wp:featuredmedia":[{"embeddable":true,"href":"https:\/\/masterdesigner.com.tr\/index.php\/wp-json\/wp\/v2\/media\/7599"}],"wp:attachment":[{"href":"https:\/\/masterdesigner.com.tr\/index.php\/wp-json\/wp\/v2\/media?parent=7766"}],"wp:term":[{"taxonomy":"product_cat","embeddable":true,"href":"https:\/\/masterdesigner.com.tr\/index.php\/wp-json\/wp\/v2\/product_cat?post=7766"},{"taxonomy":"product_tag","embeddable":true,"href":"https:\/\/masterdesigner.com.tr\/index.php\/wp-json\/wp\/v2\/product_tag?post=7766"}],"curies":[{"name":"wp","href":"https:\/\/api.w.org\/{rel}","templated":true}]}}