{"id":7733,"date":"2023-12-22T21:42:58","date_gmt":"2023-12-22T18:42:58","guid":{"rendered":"https:\/\/masterdesigner.com.tr\/yeni\/?post_type=product&#038;p=7733"},"modified":"2024-06-23T01:17:26","modified_gmt":"2024-06-22T22:17:26","slug":"max-karyola","status":"publish","type":"product","link":"https:\/\/masterdesigner.com.tr\/index.php\/product\/max-karyola\/","title":{"rendered":"MAX Karyola"},"content":{"rendered":"<p>Karyolan\u0131z masif kay\u0131n a\u011fac\u0131ndan \u00fcretilir. Kay\u0131n a\u011fac\u0131 sert, yo\u011fun y\u0131llara meydan okuyan \u00f6zel bir a\u011fa\u00e7t\u0131r.<br \/>\n\u00c7am, ladin ve k\u00f6knardan \u00e7ok farkl\u0131d\u0131r.<br \/>\nDefalarca kez monte &amp; demonte edilebilir.<br \/>\nDarbelere dayan\u0131kl\u0131d\u0131r.<br \/>\nKaryolan\u0131n \u00f6l\u00e7\u00fcs\u00fc se\u00e7mi\u015f oldu\u011funuz i\u00e7 yata\u011f\u0131n\u0131zdan en ve boydan +8 cm\u2019dir.<br \/>\nAyak y\u00fcksekli\u011fi 15 cm\u2019dir.<br \/>\nYata\u011f\u0131n alt\u0131nda lata kullan\u0131lmaz, \u0131zgaralar \u00fczerine gelen paneller vard\u0131r. Bu sayede hem \u0131s\u0131 yal\u0131t\u0131m\u0131n\u0131 sa\u011flayanm\u0131\u015f olur, hem yata\u011f\u0131n (\u015filtenin) performans\u0131 d\u00fc\u015fmez hem de t\u00fcm aile oturup zaman ge\u00e7irmek istedi\u011fini rahatl\u0131kla ta\u015f\u0131r. Kullan\u0131lan cila ve boyalar\u0131n kur\u015fun de\u011ferleri d\u00fc\u015f\u00fck, gida temas\u0131na uygundur.<br \/>\nDi\u015f \u00e7\u0131karma d\u00f6neminde kemirmeleri durumunda v\u00fccuttan kolayl\u0131kla at\u0131labilir.<br \/>\nAyr\u0131ca karyola genelinde \u00e7ocuklar\u0131m\u0131z\u0131n sa\u011fl\u0131\u011f\u0131n\u0131 tehdit edebilecek herhangi bir tutkal veya kimyasal kullan\u0131lmamaktad\u0131r.<br \/>\nTeslimat s\u00fcresi, sipari\u015finizi takiben maksimum 25 i\u015f (\u00e7al\u0131\u015fma) g\u00fcn\u00fcd\u00fcr.<br \/>\nKargo \u015firketlerinde mevzuat gere\u011fi, a\u011f\u0131rl\u0131\u011f\u0131 30 kg\u2019dan fazla olan g\u00f6nderilerin, evin kap\u0131s\u0131na kadar \u00e7\u0131karma durumu \u00e7al\u0131\u015fan\u0131n insiyatifine b\u0131rak\u0131lm\u0131\u015ft\u0131r.<br \/>\n30 kg\u2019\u0131 ge\u00e7memesi i\u00e7in paketler 3 ya da 4\u2019e b\u00f6l\u00fcnerek g\u00f6nderilmektedir.<br \/>\n\u00c7ok \u00e7ok nadir de olsa kar\u015f\u0131la\u015ft\u0131\u011f\u0131m\u0131z kata \u00e7\u0131karmama durumunda maalesef firmam\u0131z m\u00fcdahale edememektedir.<br \/>\nFarkl\u0131 \u00f6l\u00e7\u00fcler i\u00e7in l\u00fctfen ileti\u015fime ge\u00e7iniz.<\/p>\n","protected":false},"excerpt":{"rendered":"<p>Karyolan\u0131z masif kay\u0131n a\u011fac\u0131ndan \u00fcretilir. Kay\u0131n a\u011fac\u0131 sert, yo\u011fun y\u0131llara meydan okuyan \u00f6zel bir a\u011fa\u00e7t\u0131r. \u00c7am, ladin ve k\u00f6knardan \u00e7ok farkl\u0131d\u0131r. Defalarca kez monte &amp; demonte edilebilir. Darbelere dayan\u0131kl\u0131d\u0131r. Karyolan\u0131n \u00f6l\u00e7\u00fcs\u00fc se\u00e7mi\u015f oldu\u011funuz i\u00e7 yata\u011f\u0131n\u0131zdan en ve boydan +8 cm\u2019dir. Ayak y\u00fcksekli\u011fi 15 cm\u2019dir. Yata\u011f\u0131n alt\u0131nda lata kullan\u0131lmaz, \u0131zgaralar \u00fczerine gelen paneller vard\u0131r. Bu sayede &hellip; <br \/><a href=\"https:\/\/masterdesigner.com.tr\/index.php\/product\/max-karyola\/\" class=\"more-link\">Continue reading <span class=\"screen-reader-text\">MAX Karyola<\/span><\/a><\/p>\n","protected":false},"featured_media":7563,"template":"","meta":{"_monsterinsights_skip_tracking":false,"_monsterinsights_sitenote_active":false,"_monsterinsights_sitenote_note":"","_monsterinsights_sitenote_category":0},"product_cat":[100],"product_tag":[],"class_list":{"0":"post-7733","1":"product","2":"type-product","3":"status-publish","4":"has-post-thumbnail","6":"product_cat-karyola","8":"first","9":"instock","10":"shipping-taxable","11":"purchasable","12":"product-type-variable"},"aioseo_notices":[],"_links":{"self":[{"href":"https:\/\/masterdesigner.com.tr\/index.php\/wp-json\/wp\/v2\/product\/7733","targetHints":{"allow":["GET"]}}],"collection":[{"href":"https:\/\/masterdesigner.com.tr\/index.php\/wp-json\/wp\/v2\/product"}],"about":[{"href":"https:\/\/masterdesigner.com.tr\/index.php\/wp-json\/wp\/v2\/types\/product"}],"wp:featuredmedia":[{"embeddable":true,"href":"https:\/\/masterdesigner.com.tr\/index.php\/wp-json\/wp\/v2\/media\/7563"}],"wp:attachment":[{"href":"https:\/\/masterdesigner.com.tr\/index.php\/wp-json\/wp\/v2\/media?parent=7733"}],"wp:term":[{"taxonomy":"product_cat","embeddable":true,"href":"https:\/\/masterdesigner.com.tr\/index.php\/wp-json\/wp\/v2\/product_cat?post=7733"},{"taxonomy":"product_tag","embeddable":true,"href":"https:\/\/masterdesigner.com.tr\/index.php\/wp-json\/wp\/v2\/product_tag?post=7733"}],"curies":[{"name":"wp","href":"https:\/\/api.w.org\/{rel}","templated":true}]}}