{"id":7692,"date":"2023-12-22T21:42:16","date_gmt":"2023-12-22T18:42:16","guid":{"rendered":"https:\/\/masterdesigner.com.tr\/yeni\/?post_type=product&#038;p=7692"},"modified":"2024-06-23T01:17:24","modified_gmt":"2024-06-22T22:17:24","slug":"konfor-yatak","status":"publish","type":"product","link":"https:\/\/masterdesigner.com.tr\/index.php\/product\/konfor-yatak\/","title":{"rendered":"KONFOR YATAK"},"content":{"rendered":"<p>DO\u011eAL AH\u015eAP KONFOR<\/p>\n<p>YATAK \u0130\u00c7 YATAK \u00d6L\u00c7\u00dcS\u00dc 70X140<\/p>\n<p>\u0130\u00c7 YATAK DAH\u0130L DE\u011e\u0130LD\u0130R.<\/p>\n<p>KULLANILAN AH\u015eAPLAR D\u0130\u015eBUDAK A\u011eACI VE AMER\u0130KAN CEV\u0130Z<\/p>\n","protected":false},"excerpt":{"rendered":"<p>DO\u011eAL AH\u015eAP KONFOR YATAK \u0130\u00c7 YATAK \u00d6L\u00c7\u00dcS\u00dc 70X140 \u0130\u00c7 YATAK DAH\u0130L DE\u011e\u0130LD\u0130R. KULLANILAN AH\u015eAPLAR D\u0130\u015eBUDAK A\u011eACI VE AMER\u0130KAN CEV\u0130Z<\/p>\n","protected":false},"featured_media":7450,"template":"","meta":{"_monsterinsights_skip_tracking":false,"_monsterinsights_sitenote_active":false,"_monsterinsights_sitenote_note":"","_monsterinsights_sitenote_category":0},"product_cat":[100],"product_tag":[],"class_list":{"0":"post-7692","1":"product","2":"type-product","3":"status-publish","4":"has-post-thumbnail","6":"product_cat-karyola","8":"first","9":"instock","10":"shipping-taxable","11":"purchasable","12":"product-type-variable"},"aioseo_notices":[],"_links":{"self":[{"href":"https:\/\/masterdesigner.com.tr\/index.php\/wp-json\/wp\/v2\/product\/7692","targetHints":{"allow":["GET"]}}],"collection":[{"href":"https:\/\/masterdesigner.com.tr\/index.php\/wp-json\/wp\/v2\/product"}],"about":[{"href":"https:\/\/masterdesigner.com.tr\/index.php\/wp-json\/wp\/v2\/types\/product"}],"wp:featuredmedia":[{"embeddable":true,"href":"https:\/\/masterdesigner.com.tr\/index.php\/wp-json\/wp\/v2\/media\/7450"}],"wp:attachment":[{"href":"https:\/\/masterdesigner.com.tr\/index.php\/wp-json\/wp\/v2\/media?parent=7692"}],"wp:term":[{"taxonomy":"product_cat","embeddable":true,"href":"https:\/\/masterdesigner.com.tr\/index.php\/wp-json\/wp\/v2\/product_cat?post=7692"},{"taxonomy":"product_tag","embeddable":true,"href":"https:\/\/masterdesigner.com.tr\/index.php\/wp-json\/wp\/v2\/product_tag?post=7692"}],"curies":[{"name":"wp","href":"https:\/\/api.w.org\/{rel}","templated":true}]}}