{"id":7683,"date":"2023-12-22T21:42:15","date_gmt":"2023-12-22T18:42:15","guid":{"rendered":"https:\/\/masterdesigner.com.tr\/yeni\/?post_type=product&#038;p=7683"},"modified":"2024-06-23T01:16:59","modified_gmt":"2024-06-22T22:16:59","slug":"puzzele-masa","status":"publish","type":"product","link":"https:\/\/masterdesigner.com.tr\/index.php\/product\/puzzele-masa\/","title":{"rendered":"PUZZELE MASA"},"content":{"rendered":"<p>60X60X50 DO\u011eAL AH\u015eAP \u00c7OCUK MASASI N72\/3 SENT\u0130F\u0130KALI \u00c7OCUK SA\u011eLI\u011eINA UYUMLU<\/p>\n<p>LEKE TUTMAZ S\u0130L\u0130NE B\u0130L\u0130R SU VE DARBELERE KAR\u015eI DAYANIKLI.<\/p>\n<p>100KG TA\u015eIMA KAPAS\u0130TES\u0130.<\/p>\n<p>KULLANILAN AH\u015eAP T\u00dcR\u00dc 1.SINIF DI\u015eBUDAK A\u011eACI<\/p>\n","protected":false},"excerpt":{"rendered":"<p>60X60X50 DO\u011eAL AH\u015eAP \u00c7OCUK MASASI N72\/3 SENT\u0130F\u0130KALI \u00c7OCUK SA\u011eLI\u011eINA UYUMLU LEKE TUTMAZ S\u0130L\u0130NE B\u0130L\u0130R SU VE DARBELERE KAR\u015eI DAYANIKLI. 100KG TA\u015eIMA KAPAS\u0130TES\u0130. KULLANILAN AH\u015eAP T\u00dcR\u00dc 1.SINIF DI\u015eBUDAK A\u011eACI<\/p>\n","protected":false},"featured_media":7402,"template":"","meta":{"_monsterinsights_skip_tracking":false,"_monsterinsights_sitenote_active":false,"_monsterinsights_sitenote_note":"","_monsterinsights_sitenote_category":0},"product_cat":[109],"product_tag":[],"class_list":{"0":"post-7683","1":"product","2":"type-product","3":"status-publish","4":"has-post-thumbnail","6":"product_cat-masa","8":"first","9":"instock","10":"shipping-taxable","11":"purchasable","12":"product-type-simple"},"aioseo_notices":[],"_links":{"self":[{"href":"https:\/\/masterdesigner.com.tr\/index.php\/wp-json\/wp\/v2\/product\/7683","targetHints":{"allow":["GET"]}}],"collection":[{"href":"https:\/\/masterdesigner.com.tr\/index.php\/wp-json\/wp\/v2\/product"}],"about":[{"href":"https:\/\/masterdesigner.com.tr\/index.php\/wp-json\/wp\/v2\/types\/product"}],"wp:featuredmedia":[{"embeddable":true,"href":"https:\/\/masterdesigner.com.tr\/index.php\/wp-json\/wp\/v2\/media\/7402"}],"wp:attachment":[{"href":"https:\/\/masterdesigner.com.tr\/index.php\/wp-json\/wp\/v2\/media?parent=7683"}],"wp:term":[{"taxonomy":"product_cat","embeddable":true,"href":"https:\/\/masterdesigner.com.tr\/index.php\/wp-json\/wp\/v2\/product_cat?post=7683"},{"taxonomy":"product_tag","embeddable":true,"href":"https:\/\/masterdesigner.com.tr\/index.php\/wp-json\/wp\/v2\/product_tag?post=7683"}],"curies":[{"name":"wp","href":"https:\/\/api.w.org\/{rel}","templated":true}]}}