{"id":7673,"date":"2023-12-22T21:42:14","date_gmt":"2023-12-22T18:42:14","guid":{"rendered":"https:\/\/masterdesigner.com.tr\/yeni\/?post_type=product&#038;p=7673"},"modified":"2024-06-23T01:17:17","modified_gmt":"2024-06-22T22:17:17","slug":"koc-sandalye","status":"publish","type":"product","link":"https:\/\/masterdesigner.com.tr\/index.php\/product\/koc-sandalye\/","title":{"rendered":"KO\u00c7 SANDALYE"},"content":{"rendered":"<p style=\"margin-bottom: 10px; color: #666666; font-size: 14px;\">DO\u011eAL AH\u015eAP \u00c7OCUK SANDALYES\u0130 N71\/3 \u00c7OCUK SA\u011eLI\u011eINA UYUMLU<\/p>\n<p style=\"margin-bottom: 10px; color: #666666; font-size: 14px;\">OTURMA ALANI 30CM<\/p>\n<p style=\"margin-bottom: 10px; color: #666666; font-size: 14px;\">OTURMA Y\u00dcKSEKL\u011e\u0130 28CM<\/p>\n<p style=\"margin-bottom: 10px; color: #666666; font-size: 14px;\">SIRTLIK 25CM<\/p>\n<p style=\"margin-bottom: 10px; color: #666666; font-size: 14px;\">SAB\u0130T \u00dcR\u00dcN MONTAJ GEREKT\u0130RMEZ<\/p>\n<p style=\"margin-bottom: 10px; color: #666666; font-size: 14px;\">TA\u015eIMA KAPAS\u0130TES\u0130 200KG<\/p>\n","protected":false},"excerpt":{"rendered":"<p>DO\u011eAL AH\u015eAP \u00c7OCUK SANDALYES\u0130 N71\/3 \u00c7OCUK SA\u011eLI\u011eINA UYUMLU OTURMA ALANI 30CM OTURMA Y\u00dcKSEKL\u011e\u0130 28CM SIRTLIK 25CM SAB\u0130T \u00dcR\u00dcN MONTAJ GEREKT\u0130RMEZ TA\u015eIMA KAPAS\u0130TES\u0130 200KG<\/p>\n","protected":false},"featured_media":7347,"template":"","meta":{"_monsterinsights_skip_tracking":false,"_monsterinsights_sitenote_active":false,"_monsterinsights_sitenote_note":"","_monsterinsights_sitenote_category":0},"product_cat":[92],"product_tag":[],"class_list":{"0":"post-7673","1":"product","2":"type-product","3":"status-publish","4":"has-post-thumbnail","6":"product_cat-sandalye","8":"first","9":"instock","10":"shipping-taxable","11":"purchasable","12":"product-type-simple"},"aioseo_notices":[],"_links":{"self":[{"href":"https:\/\/masterdesigner.com.tr\/index.php\/wp-json\/wp\/v2\/product\/7673","targetHints":{"allow":["GET"]}}],"collection":[{"href":"https:\/\/masterdesigner.com.tr\/index.php\/wp-json\/wp\/v2\/product"}],"about":[{"href":"https:\/\/masterdesigner.com.tr\/index.php\/wp-json\/wp\/v2\/types\/product"}],"wp:featuredmedia":[{"embeddable":true,"href":"https:\/\/masterdesigner.com.tr\/index.php\/wp-json\/wp\/v2\/media\/7347"}],"wp:attachment":[{"href":"https:\/\/masterdesigner.com.tr\/index.php\/wp-json\/wp\/v2\/media?parent=7673"}],"wp:term":[{"taxonomy":"product_cat","embeddable":true,"href":"https:\/\/masterdesigner.com.tr\/index.php\/wp-json\/wp\/v2\/product_cat?post=7673"},{"taxonomy":"product_tag","embeddable":true,"href":"https:\/\/masterdesigner.com.tr\/index.php\/wp-json\/wp\/v2\/product_tag?post=7673"}],"curies":[{"name":"wp","href":"https:\/\/api.w.org\/{rel}","templated":true}]}}