{"id":3,"date":"2023-12-22T12:45:46","date_gmt":"2023-12-22T09:45:46","guid":{"rendered":"https:\/\/masterdesigner.com.tr\/yeni\/?page_id=3"},"modified":"2023-12-22T17:55:47","modified_gmt":"2023-12-22T14:55:47","slug":"gizlilik-ilkesi","status":"publish","type":"page","link":"https:\/\/masterdesigner.com.tr\/index.php\/gizlilik-ilkesi\/","title":{"rendered":"Gizlilik Politikas\u0131"},"content":{"rendered":"\n<p>Gizlilik Ve G\u00fcvenlik<br>\u0130nternet Sitesi Gizlilik Politikas\u0131 (\u201cPolitika\u201d) ile; (1) Veri Sahiplerinin ki\u015fisel verilerinin i\u015flenmesi, ve (2) \u0130nternet Sitesi Gizlilik Politikas\u0131\u2019n\u0131n y\u00fcr\u00fcrl\u00fc\u011f\u00fc hakk\u0131nda a\u00e7\u0131klamalar yap\u0131lmaktad\u0131r.<\/p>\n\n\n\n<ol class=\"wp-block-list\">\n<li>VER\u0130 SAH\u0130PLER\u0130N\u0130N K\u0130\u015e\u0130SEL VER\u0130LER\u0130N\u0130N \u0130\u015eLENMES\u0130<\/li>\n<\/ol>\n\n\n\n<p>Politika ile \u0130nternet Sitemizi ziyaret eden ziyaret\u00e7ilerimize a\u015fa\u011f\u0131da yer alan konularda bilgilendirme yap\u0131lmaktad\u0131r:<\/p>\n\n\n\n<p>Veri Sahiplerinin hangi ki\u015fisel verilerinin elde edildi\u011fi, ki\u015fisel verilerin toplanma y\u00f6ntemi ve hukuki sebebi;<br>Veri Sahiplerinin ki\u015fisel verilerinin hangi ama\u00e7larla i\u015flendi\u011fi;<br>Veri Sahiplerinin ki\u015fisel verilerinin kimlerle payla\u015f\u0131labilece\u011fi;<br>Veri Sahiplerinin ki\u015fisel verilerinin saklanma s\u00fcreleri;<br>Veri Sahiplerinin haklar\u0131;<br>Veri Sahiplerinin ki\u015fisel verilerinin g\u00fcvenli\u011finin sa\u011flanmas\u0131na y\u00f6nelik al\u0131nan tedbirler.<br>Veri Sahiplerinin Hangi Ki\u015fisel Verilerinin Elde Edildi\u011fi, Ki\u015fisel Verilerin Toplanma Y\u00f6ntemi ve Hukuki Sebebi<\/p>\n\n\n\n<p>Kimli\u011finizi belirli ya da belirlenebilir k\u0131lan her t\u00fcrl\u00fc bilgi \u201cki\u015fisel veri\u201ddir. Master Designer, ki\u015fisel verilerinizin i\u015flenmesinde 6698 say\u0131l\u0131 Ki\u015fisel Verilerin Korunmas\u0131 Kanunu (\u201cKanun\u201d) ve ilgili mevzuata uygun hareket etmek i\u00e7in gerekli her t\u00fcrl\u00fc faaliyeti y\u00fcr\u00fctmektedir.<\/p>\n\n\n\n<p>\u0130nternet Sitemizi ziyaret etmeniz dolay\u0131s\u0131yla elde edilen ki\u015fisel verileriniz a\u015fa\u011f\u0131da s\u0131ralanmaktad\u0131r:<\/p>\n\n\n\n<p>Kimlik Bilgisi<br>\u0130leti\u015fim Bilgisi<br>M\u00fc\u015fteri \u0130\u015flem Bilgisi<br>\u0130\u015flem G\u00fcvenli\u011fi Bilgisi<br>Pazarlama Bilgisi<br>\u00dcr\u00fcn\/Hizmet Kullan\u0131m Bilgisi<br>Talep\/\u015eikayet Y\u00f6netimi Bilgisi<br>Ki\u015fisel verileriniz, Master Designer taraf\u0131ndan \u0130nternet Sitemizi ziyaret etmeniz dolay\u0131s\u0131yla teknik ileti\u015fim dosyalar\u0131 olan \u00e7erezler (cookies) vas\u0131tas\u0131yla toplanmaktad\u0131r. \u00c7erezler (cookie) hakk\u0131nda detayl\u0131 bilgi i\u00e7in \u00c7erez Politikas\u0131\u2019n\u0131 inceleyiniz.<\/p>\n\n\n\n<p>Veri Sahiplerinin Ki\u015fisel Verilerinin Hangi Ama\u00e7larla \u0130\u015flendi\u011fi<\/p>\n\n\n\n<p>\u0130nternet Sitemizi ziyaret etmeniz dolay\u0131s\u0131yla elde edilen ki\u015fisel verileriniz a\u015fa\u011f\u0131da s\u0131ralanan ama\u00e7larla Master Designer taraf\u0131ndan KVK Kanunu\u2019nun 5. ve 6. maddelerine uygun olarak i\u015flenebilecektir:<\/p>\n\n\n\n<p>\u015eirket taraf\u0131ndan sunulan \u00fcr\u00fcn ve hizmetlerden ilgili ki\u015fileri faydaland\u0131rmak i\u00e7in gerekli \u00e7al\u0131\u015fmalar\u0131n i\u015f birimlerimiz taraf\u0131ndan yap\u0131lmas\u0131 ve ilgili i\u015f s\u00fcre\u00e7lerinin y\u00fcr\u00fct\u00fclmesi,<br>\u015eirket taraf\u0131ndan sunulan \u00fcr\u00fcn ve hizmetlerin ilgili ki\u015filerin be\u011feni, kullan\u0131m al\u0131\u015fkanl\u0131klar\u0131 ve ihtiya\u00e7lar\u0131na g\u00f6re \u00f6zelle\u015ftirilerek ilgili ki\u015filere \u00f6nerilmesi ve tan\u0131t\u0131lmas\u0131 i\u00e7in gerekli olan aktivitelerin planlanmas\u0131 ve icras\u0131,<br>\u015eirket taraf\u0131ndan y\u00fcr\u00fct\u00fclen ticari faaliyetlerin ger\u00e7ekle\u015ftirilmesi i\u00e7in ilgili i\u015f birimlerimiz taraf\u0131ndan gerekli \u00e7al\u0131\u015fmalar\u0131n yap\u0131lmas\u0131 ve buna ba\u011fl\u0131 i\u015f s\u00fcre\u00e7lerinin y\u00fcr\u00fct\u00fclmesi,<br>\u015eirket\u2019in ticari ve\/veya i\u015f stratejilerinin planlanmas\u0131 ve icras\u0131,<br>\u015eirket\u2019in ve \u015eirket\u2019le i\u015f ili\u015fkisi i\u00e7erisinde olan ilgili ki\u015filerin hukuki, teknik ve ticari-i\u015f g\u00fcvenli\u011finin temini.<br>Veri Sahiplerinin Ki\u015fisel Verilerinin Kimlerle Payla\u015f\u0131labilece\u011fi<\/p>\n\n\n\n<p>Elde edilen ki\u015fisel verileriniz, ki\u015fisel verilerinizin i\u015flenme ama\u00e7lar\u0131 do\u011frultusunda, i\u015f ortaklar\u0131m\u0131za (d\u0131\u015f kaynak hizmet sa\u011flay\u0131c\u0131lar\u0131, bar\u0131nd\u0131rma (hosting) hizmet sa\u011flay\u0131c\u0131lar\u0131, ara\u015ft\u0131rma \u015firketleri, \u00e7a\u011fr\u0131 merkezleri gibi), hissedarlar\u0131m\u0131za, i\u015ftiraklerimize, kanunen yetkili kamu kurumlar\u0131na ve \u00f6zel ki\u015filere KVK Kanunu\u2019nun 8. ve 9. maddelerinde belirtilen ki\u015fisel veri i\u015fleme \u015fartlar\u0131 ve ama\u00e7lar\u0131 dahilinde aktar\u0131labilecektir.<\/p>\n\n\n\n<p>Veri Sahiplerinin Ki\u015fisel Verilerinin Saklanma S\u00fcreleri<\/p>\n\n\n\n<p>Kanun ve ilgili di\u011fer kanun h\u00fck\u00fcmlerine uygun olarak i\u015flenmi\u015f olmas\u0131na ra\u011fmen, i\u015flenmesini gerektiren sebeplerin ortadan kalkmas\u0131 h\u00e2linde, Master Designer taraf\u0131ndan ki\u015fisel veriler silinmekte, yok edilmekte veya anonim hale getirilmektedir.<\/p>\n\n\n\n<p>Master Designer, Kanun\u2019a uygun bir bi\u00e7imde, do\u011fmas\u0131 muhtemel herhangi bir uyu\u015fmazl\u0131k kapsam\u0131nda kullan\u0131lmak \u00fczere ilgili mevzuat ile belirlenmi\u015f olan zamana\u015f\u0131m\u0131 s\u00fcreleri boyunca ki\u015fisel verileri muhafaza edebilecektir. Bu durumda muhafaza edilen ki\u015fisel verilere herhangi bir ba\u015fka ama\u00e7la eri\u015filmemekte ve ancak ilgili hukuki uyu\u015fmazl\u0131kta kullan\u0131lmas\u0131 gerekti\u011fi zaman eri\u015fim sa\u011flanmaktad\u0131r.<\/p>\n\n\n\n<p>Veri Sahiplerinin Haklar\u0131<\/p>\n\n\n\n<p>Kanun\u2019un 11. maddesi gere\u011fince Veri Sahipleri, ki\u015fisel verilerine ili\u015fkin olarak a\u015fa\u011f\u0131da s\u0131ralanan haklara sahiptirler:<\/p>\n\n\n\n<p>Ki\u015fisel veri i\u015flenip i\u015flenmedi\u011fini \u00f6\u011frenme,<br>Ki\u015fisel verileri i\u015flenmi\u015fse buna ili\u015fkin bilgi talep etme,<br>Ki\u015fisel verilerin i\u015flenme amac\u0131n\u0131 ve bunlar\u0131n amac\u0131na uygun kullan\u0131l\u0131p kullan\u0131lmad\u0131\u011f\u0131n\u0131 \u00f6\u011frenme,<br>Yurt i\u00e7inde veya yurt d\u0131\u015f\u0131nda ki\u015fisel verilerin aktar\u0131ld\u0131\u011f\u0131 \u00fc\u00e7\u00fcnc\u00fc ki\u015fileri bilme,<br>Ki\u015fisel verilerin eksik veya yanl\u0131\u015f i\u015flenmi\u015f olmas\u0131 h\u00e2linde bunlar\u0131n d\u00fczeltilmesini isteme ve bu kapsamda yap\u0131lan i\u015flemin ki\u015fisel verilerin aktar\u0131ld\u0131\u011f\u0131 \u00fc\u00e7\u00fcnc\u00fc ki\u015filere bildirilmesini isteme,<br>KVK Kanunu ve ilgili di\u011fer kanun h\u00fck\u00fcmlerine uygun olarak i\u015flenmi\u015f olmas\u0131na ra\u011fmen, i\u015flenmesini gerektiren sebeplerin ortadan kalkmas\u0131 h\u00e2linde ki\u015fisel verilerin silinmesini veya yok edilmesini isteme ve bu kapsamda yap\u0131lan i\u015flemin ki\u015fisel verilerin aktar\u0131ld\u0131\u011f\u0131 \u00fc\u00e7\u00fcnc\u00fc ki\u015filere bildirilmesini isteme,<br>\u0130\u015flenen verilerin m\u00fcnhas\u0131ran otomatik sistemler vas\u0131tas\u0131yla analiz edilmesi suretiyle ki\u015finin kendisi aleyhine bir sonucun ortaya \u00e7\u0131kmas\u0131na itiraz etme,<br>Ki\u015fisel verilerin kanuna ayk\u0131r\u0131 olarak i\u015flenmesi sebebiyle zarara u\u011framas\u0131 h\u00e2linde zarar\u0131n giderilmesini talep etme.<br>Master Designer, Kanun\u2019a uygun olarak, idari ve teknik imkanlar dahilinde; Veri Sahiplerinin ki\u015fisel verilerini kullanmalar\u0131n\u0131 m\u00fcmk\u00fcn k\u0131l\u0131nmas\u0131 i\u00e7in gerekli olan sistemleri y\u00fcr\u00fctmektedir.<\/p>\n\n\n\n<p>Haklar\u0131n\u0131za ili\u015fkin taleplerinizi bize iletmeniz durumunda, talebin niteli\u011fine g\u00f6re en k\u0131sa s\u00fcrede ve en ge\u00e7 otuz g\u00fcn i\u00e7inde \u00fccretsiz olarak sonu\u00e7land\u0131racakt\u0131r. Ancak, i\u015flemin ayr\u0131ca bir maliyeti gerektirmesi h\u00e2linde, Master Designer taraf\u0131ndan Ki\u015fisel Verileri Koruma Kurulu taraf\u0131ndan belirlenen tarifedeki \u00fccret al\u0131nabilir.<\/p>\n\n\n\n<p>Veri Sahiplerinin Ki\u015fisel Verilerinin G\u00fcvenli\u011finin Sa\u011flanmas\u0131na Y\u00f6nelik Al\u0131nan Tedbirler<\/p>\n\n\n\n<p>\u015eirketimizin ki\u015fisel verilerin korunmas\u0131na ve veri g\u00fcvenli\u011finin sa\u011flanmas\u0131na verdi\u011fi \u00f6nem do\u011frultusunda, KVK Kanunu\u2019nun 12. maddesine uygun olarak, \u015eirketimiz taraf\u0131ndan veri g\u00fcvenli\u011finin sa\u011flanmas\u0131 i\u00e7in,<\/p>\n\n\n\n<p>Ki\u015fisel verilerin hukuka ayk\u0131r\u0131 olarak i\u015flenmesini \u00f6nlemek,<br>Ki\u015fisel verilere hukuka ayk\u0131r\u0131 olarak eri\u015filmesini \u00f6nlemek,<br>Ki\u015fisel verilerin muhafazas\u0131n\u0131 sa\u011flamak,<br>amac\u0131yla uygun g\u00fcvenlik d\u00fczeyini temin etmeye y\u00f6nelik gerekli her t\u00fcrl\u00fc teknik ve idari tedbirleri almaktad\u0131r.<\/p>\n\n\n\n<ol class=\"wp-block-list\" start=\"2\">\n<li>\u0130nternet Sitesi Gizlilik Politikas\u0131\u2019n\u0131n Y\u00fcr\u00fcrl\u00fc\u011f\u00fc<\/li>\n<\/ol>\n\n\n\n<p>\u0130nternet Sitesi Gizlilik Politikas\u0131 12.12.2023 tarihlidir. Politika\u2019n\u0131n t\u00fcm\u00fcn\u00fcn veya belirli maddelerinin yenilenmesi durumunda Politika\u2019n\u0131n y\u00fcr\u00fcrl\u00fck tarihi g\u00fcncellenecektir.<\/p>\n\n\n\n<p>Politika Master Designer internet sitesinde (www.masterdesigner.com.tr) yay\u0131mlan\u0131r ve ki\u015fisel veri sahiplerinin talebi \u00fczerine ilgili ki\u015filerin eri\u015fimine sunulur.<\/p>\n\n\n\n<p>Ki\u015fisel Verilerin Korunmas\u0131<\/p>\n\n\n\n<ol class=\"wp-block-list\">\n<li>Veri Sorumlusunun Kimli\u011fi<\/li>\n<\/ol>\n\n\n\n<p>Ki\u015fisel verileriniz veri sorumlusu s\u0131fat\u0131yla Burcu Nagihan Deniz \u015eah\u0131s \u015eirketi (\u201cMaster Designer\u201d) taraf\u0131ndan, 6698 say\u0131l\u0131 Ki\u015fisel Verilerin Korunmas\u0131 Kanunu (\u201cKanun\u201d) uyar\u0131nca a\u015fa\u011f\u0131da a\u00e7\u0131klanan kapsamda i\u015flenebilecektir.<\/p>\n\n\n\n<ol class=\"wp-block-list\" start=\"2\">\n<li>Ki\u015fisel Verilerin \u0130\u015flenme Amac\u0131<\/li>\n<\/ol>\n\n\n\n<p>Toplanan ki\u015fisel verileriniz, Kanun taraf\u0131ndan \u00f6ng\u00f6r\u00fclen temel ilkelere uygun olarak ve Kanun\u2019un 5. ve 6. maddelerinde belirtilen ki\u015fisel veri i\u015fleme \u015fartlar\u0131 ve ama\u00e7lar\u0131 dahilinde, Master Designer taraf\u0131ndan a\u015fa\u011f\u0131da yer alan ama\u00e7lar do\u011frultusunda i\u015flenebilecektir:<\/p>\n\n\n\n<p>\u015eirket\u2019in insan kaynaklar\u0131 politikalar\u0131 ve s\u00fcre\u00e7lerinin planlanmas\u0131 ve icra edilmesi<br>\u015eirket taraf\u0131ndan sunulan \u00fcr\u00fcn ve hizmetlerden ilgili ki\u015fileri faydaland\u0131rmak i\u00e7in gerekli \u00e7al\u0131\u015fmalar\u0131n i\u015f birimlerimiz taraf\u0131ndan yap\u0131lmas\u0131 ve ilgili i\u015f s\u00fcre\u00e7lerinin y\u00fcr\u00fct\u00fclmesi<br>\u015eirket taraf\u0131ndan sunulan \u00fcr\u00fcn ve hizmetlerin ilgili ki\u015filerin be\u011feni, kullan\u0131m al\u0131\u015fkanl\u0131klar\u0131 ve ihtiya\u00e7lar\u0131na g\u00f6re \u00f6zelle\u015ftirilerek ilgili ki\u015filere \u00f6nerilmesi ve tan\u0131t\u0131lmas\u0131 i\u00e7in gerekli olan aktivitelerin planlanmas\u0131 ve icras\u0131<br>\u015eirket taraf\u0131ndan y\u00fcr\u00fct\u00fclen ticari faaliyetlerin ger\u00e7ekle\u015ftirilmesi i\u00e7in ilgili i\u015f birimlerimiz taraf\u0131ndan gerekli \u00e7al\u0131\u015fmalar\u0131n yap\u0131lmas\u0131 ve buna ba\u011fl\u0131 i\u015f s\u00fcre\u00e7lerinin y\u00fcr\u00fct\u00fclmesi<br>\u015eirket\u2019in ticari ve\/veya i\u015f stratejilerinin planlanmas\u0131 ve icras\u0131<br>\u015eirket\u2019in ve \u015eirket\u2019le i\u015f ili\u015fkisi i\u00e7erisinde olan ilgili ki\u015filerin hukuki, teknik ve ticari-i\u015f g\u00fcvenli\u011finin temini<br>Elde edilen ki\u015fisel verileriniz, ki\u015fisel verilerinizin i\u015flenme ama\u00e7lar\u0131 do\u011frultusunda, i\u015f ortaklar\u0131m\u0131za (d\u0131\u015f kaynak hizmet sa\u011flay\u0131c\u0131lar\u0131, bar\u0131nd\u0131rma (hosting) hizmet sa\u011flay\u0131c\u0131lar\u0131, ara\u015ft\u0131rma \u015firketleri, \u00e7a\u011fr\u0131 merkezleri gibi), hissedarlar\u0131m\u0131za, i\u015ftiraklerimize, kanunen yetkili kamu kurumlar\u0131na ve \u00f6zel ki\u015filere KVK Kanunu\u2019nun 8. ve 9. maddelerinde belirtilen ki\u015fisel veri i\u015fleme \u015fartlar\u0131 ve ama\u00e7lar\u0131 dahilinde aktar\u0131labilecektir.<\/p>\n\n\n\n<ol class=\"wp-block-list\" start=\"3\">\n<li>Ki\u015fisel Verilerinizin Aktar\u0131ld\u0131\u011f\u0131 Taraflar ve Aktar\u0131m Ama\u00e7lar\u0131<\/li>\n<\/ol>\n\n\n\n<p>Toplanan ki\u015fisel verileriniz, Kanun taraf\u0131ndan \u00f6ng\u00f6r\u00fclen temel ilkelere uygun olarak ve Kanun\u2019un 8. ve 9. maddelerinde belirtilen ki\u015fisel veri i\u015fleme \u015fartlar\u0131 ve ama\u00e7lar\u0131 dahilinde, Master Designer taraf\u0131ndan a\u015fa\u011f\u0131da yer alan ama\u00e7lar do\u011frultusunda i\u015f ortaklar\u0131m\u0131za, tedarik\u00e7ilerimize, Master Designer i\u015ftiraklerine, kanunen yetkili kamu kurumlar\u0131 ve kanunen yetkili \u00f6zel kurumlara aktar\u0131labilmektedir:<\/p>\n\n\n\n<p>\u015eirket\u2019in insan kaynaklar\u0131 politikalar\u0131 ve s\u00fcre\u00e7lerinin planlanmas\u0131 ve icra edilmesi<br>\u015eirket taraf\u0131ndan sunulan \u00fcr\u00fcn ve hizmetlerden ilgili ki\u015fileri faydaland\u0131rmak i\u00e7in gerekli \u00e7al\u0131\u015fmalar\u0131n i\u015f birimlerimiz taraf\u0131ndan yap\u0131lmas\u0131 ve ilgili i\u015f s\u00fcre\u00e7lerinin y\u00fcr\u00fct\u00fclmesi<br>\u015eirket taraf\u0131ndan sunulan \u00fcr\u00fcn ve hizmetlerin ilgili ki\u015filerin be\u011feni, kullan\u0131m al\u0131\u015fkanl\u0131klar\u0131 ve ihtiya\u00e7lar\u0131na g\u00f6re \u00f6zelle\u015ftirilerek ilgili ki\u015filere \u00f6nerilmesi ve tan\u0131t\u0131lmas\u0131 i\u00e7in gerekli olan aktivitelerin planlanmas\u0131 ve icras\u0131<br>\u015eirket taraf\u0131ndan y\u00fcr\u00fct\u00fclen ticari faaliyetlerin ger\u00e7ekle\u015ftirilmesi i\u00e7in ilgili i\u015f birimlerimiz taraf\u0131ndan gerekli \u00e7al\u0131\u015fmalar\u0131n yap\u0131lmas\u0131 ve buna ba\u011fl\u0131 i\u015f s\u00fcre\u00e7lerinin y\u00fcr\u00fct\u00fclmesi<br>\u015eirket\u2019in ticari ve\/veya i\u015f stratejilerinin planlanmas\u0131 ve icras\u0131<br>\u015eirket\u2019in ve \u015eirket\u2019le i\u015f ili\u015fkisi i\u00e7erisinde olan ilgili ki\u015filerin hukuki, teknik ve ticari-i\u015f g\u00fcvenli\u011finin temini<\/p>\n\n\n\n<ol class=\"wp-block-list\" start=\"4\">\n<li>Ki\u015fisel Verilerinizin Toplanma Y\u00f6ntemi ve Hukuki Sebebi<\/li>\n<\/ol>\n\n\n\n<p>Ki\u015fisel verileriniz \u015eirket faaliyetlerini y\u00fcr\u00fctmek amac\u0131yla farkl\u0131 kanallarla; mevzuata ve \u015eirket politikalar\u0131na uyumun sa\u011flanmas\u0131 hukuki sebeplerine dayan\u0131larak toplanmaktad\u0131r. Toplanan ki\u015fisel verileriniz, Kanun\u2019un 5. ve 6. maddelerinde belirtilen ki\u015fisel veri i\u015fleme \u015fartlar\u0131 ve ama\u00e7lar\u0131 kapsam\u0131nda i\u015fbu Ayd\u0131nlatma Metninde belirtilen ama\u00e7larla i\u015flenebilmekte ve aktar\u0131labilmektedir.<\/p>\n\n\n\n<ol class=\"wp-block-list\" start=\"5\">\n<li>Ki\u015fisel Veri Sahibi Olarak Kanun\u2019un 11. Maddesinde Say\u0131lan Haklar<\/li>\n<\/ol>\n\n\n\n<p>Ki\u015fisel veri sahibi olarak Kanun\u2019un 11. maddesi uyar\u0131nca a\u015fa\u011f\u0131daki haklara sahipsiniz:<\/p>\n\n\n\n<p>Ki\u015fisel verilerinizin i\u015flenip i\u015flenmedi\u011fini \u00f6\u011frenme,<br>Ki\u015fisel verileriniz i\u015flenmi\u015fse buna ili\u015fkin bilgi talep etme,<br>Ki\u015fisel verilerinizin i\u015flenme amac\u0131n\u0131 ve bunlar\u0131n amac\u0131na uygun kullan\u0131l\u0131p kullan\u0131lmad\u0131\u011f\u0131n\u0131 \u00f6\u011frenme,<br>Yurt i\u00e7inde veya yurt d\u0131\u015f\u0131nda ki\u015fisel verilerinizin aktar\u0131ld\u0131\u011f\u0131 \u00fc\u00e7\u00fcnc\u00fc ki\u015fileri bilme,<br>Ki\u015fisel verilerinizin eksik veya yanl\u0131\u015f i\u015flenmi\u015f olmas\u0131 h\u00e2linde bunlar\u0131n d\u00fczeltilmesini isteme ve bu kapsamda yap\u0131lan i\u015flemin ki\u015fisel verilerinizin aktar\u0131ld\u0131\u011f\u0131 \u00fc\u00e7\u00fcnc\u00fc ki\u015filere bildirilmesini isteme,<br>Kanun\u2019a ve ilgili di\u011fer kanun h\u00fck\u00fcmlerine uygun olarak i\u015flenmi\u015f olmas\u0131na ra\u011fmen, i\u015flenmesini gerektiren sebeplerin ortadan kalkmas\u0131 h\u00e2linde ki\u015fisel verilerin silinmesini veya yok edilmesini isteme ve bu kapsamda yap\u0131lan i\u015flemin ki\u015fisel verilerinizin aktar\u0131ld\u0131\u011f\u0131 \u00fc\u00e7\u00fcnc\u00fc ki\u015filere bildirilmesini isteme,<br>\u0130\u015flenen verilerin m\u00fcnhas\u0131ran otomatik sistemler vas\u0131tas\u0131yla analiz edilmesi suretiyle aleyhinize bir sonucun ortaya \u00e7\u0131kmas\u0131 durumunda buna itiraz etme,<br>Ki\u015fisel verilerinizin kanuna ayk\u0131r\u0131 olarak i\u015flenmesi sebebiyle zarara u\u011framan\u0131z h\u00e2linde zarar\u0131n giderilmesini talep etme.<br>Yukar\u0131da s\u0131ralanan haklar\u0131n\u0131za y\u00f6nelik ba\u015fvurunuzda, niteli\u011fine g\u00f6re en k\u0131sa s\u00fcrede ve en ge\u00e7 otuz g\u00fcn i\u00e7inde \u00fccretsiz olarak ba\u015fvurular\u0131n\u0131z sonu\u00e7land\u0131r\u0131lacakt\u0131r; ancak ayr\u0131ca bir maliyet do\u011fmas\u0131 halinde \u015eirket\u2019in Ki\u015fisel Verileri Koruma Kurulunca belirlenecek tarifeye g\u00f6re taraf\u0131n\u0131zdan \u00fccret talep edebilme hakk\u0131 sakl\u0131d\u0131r.<\/p>\n\n\n\n<p>Yukar\u0131da s\u0131ralanan haklar\u0131n\u0131za y\u00f6nelik ba\u015fvurunuzda,&nbsp;niteli\u011fine g\u00f6re en k\u0131sa s\u00fcrede ve en ge\u00e7 otuz g\u00fcn i\u00e7inde \u00fccretsiz olarak ba\u015fvurular\u0131n\u0131z sonu\u00e7land\u0131r\u0131lacakt\u0131r; ancak ayr\u0131ca bir maliyet do\u011fmas\u0131 halinde \u015eirket\u2019in Ki\u015fisel Verileri Koruma Kurulunca belirlenecek tarifeye g\u00f6re taraf\u0131n\u0131zdan \u00fccret talep edebilme hakk\u0131 sakl\u0131d\u0131r.<\/p>\n","protected":false},"excerpt":{"rendered":"<p>Gizlilik Ve G\u00fcvenlik\u0130nternet Sitesi Gizlilik Politikas\u0131 (\u201cPolitika\u201d) ile; (1) Veri Sahiplerinin ki\u015fisel verilerinin i\u015flenmesi, ve (2) \u0130nternet Sitesi Gizlilik Politikas\u0131\u2019n\u0131n y\u00fcr\u00fcrl\u00fc\u011f\u00fc hakk\u0131nda a\u00e7\u0131klamalar yap\u0131lmaktad\u0131r. Politika ile \u0130nternet Sitemizi ziyaret eden ziyaret\u00e7ilerimize a\u015fa\u011f\u0131da yer alan konularda bilgilendirme yap\u0131lmaktad\u0131r: Veri Sahiplerinin hangi ki\u015fisel verilerinin elde edildi\u011fi, ki\u015fisel verilerin toplanma y\u00f6ntemi ve hukuki sebebi;Veri Sahiplerinin ki\u015fisel verilerinin hangi &hellip; <br \/><a href=\"https:\/\/masterdesigner.com.tr\/index.php\/gizlilik-ilkesi\/\" class=\"more-link\">Continue reading <span class=\"screen-reader-text\">Gizlilik Politikas\u0131<\/span><\/a><\/p>\n","protected":false},"author":1,"featured_media":0,"parent":0,"menu_order":0,"comment_status":"closed","ping_status":"open","template":"","meta":{"_monsterinsights_skip_tracking":false,"_monsterinsights_sitenote_active":false,"_monsterinsights_sitenote_note":"","_monsterinsights_sitenote_category":0,"footnotes":""},"class_list":["post-3","page","type-page","status-publish","hentry"],"aioseo_notices":[],"_links":{"self":[{"href":"https:\/\/masterdesigner.com.tr\/index.php\/wp-json\/wp\/v2\/pages\/3","targetHints":{"allow":["GET"]}}],"collection":[{"href":"https:\/\/masterdesigner.com.tr\/index.php\/wp-json\/wp\/v2\/pages"}],"about":[{"href":"https:\/\/masterdesigner.com.tr\/index.php\/wp-json\/wp\/v2\/types\/page"}],"author":[{"embeddable":true,"href":"https:\/\/masterdesigner.com.tr\/index.php\/wp-json\/wp\/v2\/users\/1"}],"replies":[{"embeddable":true,"href":"https:\/\/masterdesigner.com.tr\/index.php\/wp-json\/wp\/v2\/comments?post=3"}],"version-history":[{"count":1,"href":"https:\/\/masterdesigner.com.tr\/index.php\/wp-json\/wp\/v2\/pages\/3\/revisions"}],"predecessor-version":[{"id":7290,"href":"https:\/\/masterdesigner.com.tr\/index.php\/wp-json\/wp\/v2\/pages\/3\/revisions\/7290"}],"wp:attachment":[{"href":"https:\/\/masterdesigner.com.tr\/index.php\/wp-json\/wp\/v2\/media?parent=3"}],"curies":[{"name":"wp","href":"https:\/\/api.w.org\/{rel}","templated":true}]}}